{"id":5169,"date":"2017-09-27T17:08:21","date_gmt":"2017-09-27T17:08:21","guid":{"rendered":"https:\/\/eve-estore.com\/contactati-ne\/"},"modified":"2025-05-17T07:48:44","modified_gmt":"2025-05-17T07:48:44","slug":"contactati-ne","status":"publish","type":"page","link":"https:\/\/eve-estore.com\/ro\/contactati-ne\/","title":{"rendered":"Contacta\u0163i-ne"},"content":{"rendered":"\t\t<div data-elementor-type=\"wp-page\" data-elementor-id=\"5169\" class=\"elementor elementor-5169 elementor-253\">\n\t\t\t\t<div class=\"elementor-element elementor-element-1e63e42 e-con-full e-flex e-con e-parent\" data-id=\"1e63e42\" data-element_type=\"container\">\n\t\t<div class=\"elementor-element elementor-element-20ec80a2 e-con-full e-flex e-con e-child\" data-id=\"20ec80a2\" data-element_type=\"container\">\n\t\t\t\t<div class=\"elementor-element elementor-element-7e826144 elementor-widget elementor-widget-heading\" data-id=\"7e826144\" data-element_type=\"widget\" data-widget_type=\"heading.default\">\n\t\t\t\t<div class=\"elementor-widget-container\">\n\t\t\t\t\t<h1 class=\"elementor-heading-title elementor-size-default\">Contacta\u0163i-ne<\/h1>\t\t\t\t<\/div>\n\t\t\t\t<\/div>\n\t\t\t\t<div class=\"elementor-element elementor-element-455c17db elementor-widget elementor-widget-text-editor\" data-id=\"455c17db\" data-element_type=\"widget\" data-widget_type=\"text-editor.default\">\n\t\t\t\t<div class=\"elementor-widget-container\">\n\t\t\t\t\t\t\t\t\t<p class=\"\" data-start=\"570\" data-end=\"625\">Ave\u021bi o \u00eentrebare sau ave\u021bi nevoie de asisten\u021b\u0103? Suntem aici pentru a v\u0103 ajuta!<\/p>\t\t\t\t\t\t\t\t<\/div>\n\t\t\t\t<\/div>\n\t\t\t\t<\/div>\n\t\t<div class=\"elementor-element elementor-element-48e3e492 e-con-full e-flex e-con e-child\" data-id=\"48e3e492\" data-element_type=\"container\">\n\t\t\t\t<div class=\"elementor-element elementor-element-36c6f7aa elementor-widget elementor-widget-image\" data-id=\"36c6f7aa\" data-element_type=\"widget\" data-widget_type=\"image.default\">\n\t\t\t\t<div class=\"elementor-widget-container\">\n\t\t\t\t\t\t\t\t\t\t\t\t\t\t\t<img fetchpriority=\"high\" decoding=\"async\" width=\"567\" height=\"356\" src=\"https:\/\/eve-estore.com\/wp-content\/uploads\/2025\/05\/call.png\" class=\"attachment-large size-large wp-image-5170\" alt=\"\" srcset=\"https:\/\/eve-estore.com\/wp-content\/uploads\/2025\/05\/call.png 567w, https:\/\/eve-estore.com\/wp-content\/uploads\/2025\/05\/call-350x220.png 350w, https:\/\/eve-estore.com\/wp-content\/uploads\/2025\/05\/call-150x94.png 150w, https:\/\/eve-estore.com\/wp-content\/uploads\/2025\/05\/call-450x283.png 450w\" sizes=\"(max-width: 567px) 100vw, 567px\" \/>\t\t\t\t\t\t\t\t\t\t\t\t\t\t\t<\/div>\n\t\t\t\t<\/div>\n\t\t\t\t<\/div>\n\t\t\t\t<\/div>\n\t\t<div class=\"elementor-element elementor-element-6f65c87d e-con-full e-flex e-con e-parent\" data-id=\"6f65c87d\" data-element_type=\"container\" data-settings=\"{&quot;background_background&quot;:&quot;classic&quot;}\">\n\t\t<div class=\"elementor-element elementor-element-7da05f9c e-con-full e-flex e-con e-child\" data-id=\"7da05f9c\" data-element_type=\"container\">\n\t\t\t\t<div class=\"elementor-element elementor-element-73c88a05 elementor-align-left elementor-icon-list--layout-traditional elementor-list-item-link-full_width elementor-widget elementor-widget-icon-list\" data-id=\"73c88a05\" data-element_type=\"widget\" data-widget_type=\"icon-list.default\">\n\t\t\t\t<div class=\"elementor-widget-container\">\n\t\t\t\t\t\t\t<ul class=\"elementor-icon-list-items\">\n\t\t\t\t\t\t\t<li class=\"elementor-icon-list-item\">\n\t\t\t\t\t\t\t\t\t\t<span class=\"elementor-icon-list-text\"><b>Adres\u0103:<\/b> 123 Main Street, New York, NY 10001<\/span>\n\t\t\t\t\t\t\t\t\t<\/li>\n\t\t\t\t\t\t\t\t<li class=\"elementor-icon-list-item\">\n\t\t\t\t\t\t\t\t\t\t<span class=\"elementor-icon-list-text\"><b>Orar:<\/b> Luni-Vineri 9:00 - 17:00<\/span>\n\t\t\t\t\t\t\t\t\t<\/li>\n\t\t\t\t\t\t\t\t<li class=\"elementor-icon-list-item\">\n\t\t\t\t\t\t\t\t\t\t<span class=\"elementor-icon-list-text\"><b>Telefon:<\/b> 123-456-7890<\/span>\n\t\t\t\t\t\t\t\t\t<\/li>\n\t\t\t\t\t\t\t\t<li class=\"elementor-icon-list-item\">\n\t\t\t\t\t\t\t\t\t\t<span class=\"elementor-icon-list-text\"><b>Email:<\/b> contact@mysite.com<\/span>\n\t\t\t\t\t\t\t\t\t<\/li>\n\t\t\t\t\t\t<\/ul>\n\t\t\t\t\t\t<\/div>\n\t\t\t\t<\/div>\n\t\t\t\t<\/div>\n\t\t\t\t<\/div>\n\t\t\t\t<\/div>\n\t\t","protected":false},"excerpt":{"rendered":"<p>Contacta\u0163i-ne Ave\u021bi o \u00eentrebare sau ave\u021bi nevoie de asisten\u021b\u0103? Suntem aici pentru a v\u0103 ajuta! Adres\u0103: 123 Main Street, New York, NY 10001 Orar: Luni-Vineri 9:00 &#8211; 17:00 Telefon: 123-456-7890 Email: contact@mysite.com<\/p>\n","protected":false},"author":1,"featured_media":0,"parent":0,"menu_order":0,"comment_status":"closed","ping_status":"closed","template":"page-visual-composer.php","meta":{"footnotes":""},"class_list":["post-5169","page","type-page","status-publish","hentry"],"_links":{"self":[{"href":"https:\/\/eve-estore.com\/ro\/wp-json\/wp\/v2\/pages\/5169","targetHints":{"allow":["GET"]}}],"collection":[{"href":"https:\/\/eve-estore.com\/ro\/wp-json\/wp\/v2\/pages"}],"about":[{"href":"https:\/\/eve-estore.com\/ro\/wp-json\/wp\/v2\/types\/page"}],"author":[{"embeddable":true,"href":"https:\/\/eve-estore.com\/ro\/wp-json\/wp\/v2\/users\/1"}],"replies":[{"embeddable":true,"href":"https:\/\/eve-estore.com\/ro\/wp-json\/wp\/v2\/comments?post=5169"}],"version-history":[{"count":1,"href":"https:\/\/eve-estore.com\/ro\/wp-json\/wp\/v2\/pages\/5169\/revisions"}],"predecessor-version":[{"id":5171,"href":"https:\/\/eve-estore.com\/ro\/wp-json\/wp\/v2\/pages\/5169\/revisions\/5171"}],"wp:attachment":[{"href":"https:\/\/eve-estore.com\/ro\/wp-json\/wp\/v2\/media?parent=5169"}],"curies":[{"name":"wp","href":"https:\/\/api.w.org\/{rel}","templated":true}]}}