{"id":5177,"date":"2025-05-08T20:41:25","date_gmt":"2025-05-08T20:41:25","guid":{"rendered":"https:\/\/eve-estore.com\/politica-de-confidentialitate\/"},"modified":"2025-05-17T08:02:53","modified_gmt":"2025-05-17T08:02:53","slug":"politica-de-confidentialitate","status":"publish","type":"page","link":"https:\/\/eve-estore.com\/ro\/politica-de-confidentialitate\/","title":{"rendered":"Politica de confiden\u021bialitate"},"content":{"rendered":"\t\t<div data-elementor-type=\"wp-page\" data-elementor-id=\"5177\" class=\"elementor elementor-5177 elementor-4000\">\n\t\t\t\t<div class=\"elementor-element elementor-element-b888a82 e-flex e-con-boxed e-con e-parent\" data-id=\"b888a82\" data-element_type=\"container\">\n\t\t\t\t\t<div class=\"e-con-inner\">\n\t\t\t\t<div class=\"elementor-element elementor-element-2f30f82 elementor-widget elementor-widget-heading\" data-id=\"2f30f82\" data-element_type=\"widget\" data-widget_type=\"heading.default\">\n\t\t\t\t<div class=\"elementor-widget-container\">\n\t\t\t\t\t<h2 class=\"elementor-heading-title elementor-size-default\">Politica de confiden\u021bialitate<\/h2>\t\t\t\t<\/div>\n\t\t\t\t<\/div>\n\t\t\t\t<div class=\"elementor-element elementor-element-d4115cb elementor-widget elementor-widget-text-editor\" data-id=\"d4115cb\" data-element_type=\"widget\" data-widget_type=\"text-editor.default\">\n\t\t\t\t<div class=\"elementor-widget-container\">\n\t\t\t\t\t\t\t\t\t<p style=\"direction: rtl; font-size: 16px; font-family: Cairo, Arial, Helvetica, sans-serif; color: #262626;\"><span style=\"direction: rtl; vertical-align: inherit; letter-spacing: initial !important;\">Aceast\u0103 Politic\u0103 de confiden\u021bialitate descrie modul \u00een care colect\u0103m, folosim \u0219i dezv\u0103luim informa\u021biile dumneavoastr\u0103 personale atunci c\u00e2nd vizita\u021bi sau face\u021bi o achizi\u021bie de pe eve.com.<\/span><\/p><h3 style=\"direction: rtl; font-weight: bold; color: #262626; font-family: Cairo, Arial, Helvetica, sans-serif;\"><span style=\"direction: rtl; vertical-align: inherit; letter-spacing: initial !important;\">Colectarea de informa\u021bii personale<\/span><\/h3><p style=\"direction: rtl; font-size: 16px; font-family: Cairo, Arial, Helvetica, sans-serif; color: #262626;\"><span style=\"direction: rtl; vertical-align: inherit; letter-spacing: initial !important;\">C\u00e2nd vizita\u021bi Site-ul, colect\u0103m anumite informa\u021bii despre dispozitivul dvs., interac\u021biunea dvs. cu Site-ul \u0219i informa\u021biile necesare proces\u0103rii achizi\u021biilor dvs. De asemenea, putem colecta informa\u021bii suplimentare dac\u0103 ne contacta\u021bi pentru asisten\u021b\u0103 pentru clien\u021bi. \u00cen aceast\u0103 politic\u0103, ne referim la orice informa\u021bie care poate identifica \u00een mod unic o persoan\u0103 (inclusiv informa\u021biile de mai jos) ca \u201eInforma\u021bii personale\u201d. Consulta\u021bi lista de mai jos pentru mai multe detalii despre informa\u021biile personale pe care le colect\u0103m \u0219i de ce.   <\/span><\/p><h3 style=\"direction: rtl; font-weight: bold; color: #262626; font-family: Cairo, Arial, Helvetica, sans-serif;\"><span style=\"direction: rtl; vertical-align: inherit; letter-spacing: initial !important;\">Informa\u021bii despre dispozitiv<\/span><\/h3><p style=\"direction: rtl; font-size: 16px; font-family: Cairo, Arial, Helvetica, sans-serif; color: #262626;\"><br style=\"direction: rtl; letter-spacing: initial !important;\"><span style=\"direction: rtl; vertical-align: inherit; letter-spacing: initial !important;\">Exemple de informa\u021bii personale colectate: versiunea browserului web, adresa IP, fusul orar, informa\u021bii despre cookie-uri, site-urile sau produsele pe care le vizualiza\u021bi, termenii de c\u0103utare \u0219i modul \u00een care interac\u021biona\u021bi cu site-ul.<\/span><br style=\"direction: rtl; letter-spacing: initial !important;\"><span style=\"direction: rtl; vertical-align: inherit; letter-spacing: initial !important;\">Scopul colect\u0103rii: Pentru a \u00eenc\u0103rca cu precizie site-ul pentru dvs. \u0219i pentru a efectua analize privind utilizarea site-ului \u0219i pentru a-l \u00eembun\u0103t\u0103\u021bi.<\/span><br style=\"direction: rtl; letter-spacing: initial !important;\"><span style=\"direction: rtl; vertical-align: inherit; letter-spacing: initial !important;\">Sursa colect\u0103rii: colectate automat atunci c\u00e2nd accesa\u021bi site-ul utiliz\u00e2nd cookie-uri, fi\u0219iere jurnal, semnalizatoare web, etichete sau pixeli.<\/span><br><span style=\"direction: rtl; vertical-align: inherit; letter-spacing: initial !important;\">Dezv\u0103luirea \u00een scop comercial: Partajat\u0103 cu procesorul nostru.<\/span><\/p><h3 style=\"direction: rtl; font-weight: bold; color: #262626; font-family: Cairo, Arial, Helvetica, sans-serif;\"><span style=\"direction: rtl; vertical-align: inherit; letter-spacing: initial !important;\">Informa\u021bii despre comand\u0103<\/span><\/h3><p style=\"direction: rtl; font-size: 16px; font-family: Cairo, Arial, Helvetica, sans-serif; color: #262626;\"><span style=\"direction: rtl; vertical-align: inherit; letter-spacing: initial !important;\">Exemple de informa\u021bii personale colectate: nume, adresa de facturare, adresa de expediere, informa\u021bii de plat\u0103 (inclusiv numere de card de credit), adres\u0103 de e-mail \u0219i num\u0103r de telefon.<\/span><br style=\"direction: rtl; letter-spacing: initial !important;\"><span style=\"direction: rtl; vertical-align: inherit; letter-spacing: initial !important;\">Scopul colect\u0103rii: Pentru a v\u0103 furniza produse sau servicii pentru a \u00eendeplini contractul nostru, pentru a procesa informa\u021bii de plat\u0103, pentru a aranja transportul, pentru a furniza facturi \u0219i\/sau confirm\u0103ri de comand\u0103, pentru a comunica cu dvs., pentru a verifica comenzile pentru riscuri sau fraude poten\u021biale \u0219i, atunci c\u00e2nd sunt \u00een conformitate cu preferin\u021bele pe care ni le-a\u021bi \u00eemp\u0103rt\u0103\u0219it, furniza\u021bi informa\u021bii sau publicitate legate de produsele sau serviciile noastre.<\/span><br style=\"direction: rtl; letter-spacing: initial !important;\"><span style=\"direction: rtl; vertical-align: inherit; letter-spacing: initial !important;\">Sursa de colectare: colectat de la tine.<\/span><br style=\"direction: rtl; letter-spacing: initial !important;\"><span style=\"direction: rtl; vertical-align: inherit; letter-spacing: initial !important;\">Dezv\u0103luirea \u00een scop comercial: Partajat\u0103 cu procesorul nostru.<\/span> <\/p><p style=\"direction: rtl; font-size: 16px; font-family: Cairo, Arial, Helvetica, sans-serif; color: #262626;\"><span style=\"direction: rtl; vertical-align: inherit; letter-spacing: initial !important;\">Pentru copii<\/span><br style=\"direction: rtl; letter-spacing: initial !important;\"><span style=\"direction: rtl; vertical-align: inherit; letter-spacing: initial !important;\">Site-ul nu este direc\u021bionat c\u0103tre persoane sub 9 ani. Nu colect\u0103m \u00een mod inten\u021bionat informa\u021bii personale de la copii. Dac\u0103 sunte\u021bi p\u0103rinte sau tutore \u0219i crede\u021bi c\u0103 copilul dumneavoastr\u0103 ne-a furnizat informa\u021bii personale, v\u0103 rug\u0103m s\u0103 ne contacta\u021bi la adresa de mai jos pentru a solicita \u0219tergerea.  <\/span><\/p><h3 style=\"direction: rtl; font-weight: bold; color: #262626; font-family: Cairo, Arial, Helvetica, sans-serif;\"><span style=\"direction: rtl; vertical-align: inherit; letter-spacing: initial !important;\">Partajarea informa\u021biilor personale<\/span><\/h3><p style=\"direction: rtl; font-size: 16px; font-family: Cairo, Arial, Helvetica, sans-serif; color: #262626;\"><span style=\"direction: rtl; vertical-align: inherit; letter-spacing: initial !important;\">\u00cemp\u0103rt\u0103\u0219im informa\u021biile dumneavoastr\u0103 personale cu furnizorii de servicii pentru a ne ajuta s\u0103 oferim serviciile noastre \u0219i s\u0103 ne \u00eendeplinim contractele cu dumneavoastr\u0103, a\u0219a cum este descris mai sus.<\/span><br style=\"direction: rtl; letter-spacing: initial !important;\"><span style=\"direction: rtl; vertical-align: inherit; letter-spacing: initial !important;\">Putem partaja informa\u021biile dumneavoastr\u0103 personale pentru a respecta legile \u0219i reglement\u0103rile aplicabile, pentru a r\u0103spunde la o cita\u021bie, un mandat de perchezi\u021bie sau alte solicit\u0103ri legale de informa\u021bii pe care le primim sau pentru a ne proteja drepturile.<\/span><\/p><h3 style=\"direction: rtl; font-weight: bold; color: #262626; font-family: Cairo, Arial, Helvetica, sans-serif;\"><span style=\"direction: rtl; vertical-align: inherit; letter-spacing: initial !important;\">Utilizarea informa\u021biilor personale<\/span><\/h3><p style=\"direction: rtl; font-size: 16px; font-family: Cairo, Arial, Helvetica, sans-serif; color: #262626;\"><span style=\"direction: rtl; vertical-align: inherit; letter-spacing: initial !important;\">Folosim informa\u021biile dumneavoastr\u0103 personale pentru a v\u0103 oferi serviciile noastre, care includ: oferirea de produse spre v\u00e2nzare, procesarea pl\u0103\u021bilor, expedierea \u0219i onorarea comenzilor \u0219i \u021bin\u00e2ndu-v\u0103 la curent cu noile produse, servicii \u0219i oferte.<\/span><\/p><h3 style=\"direction: rtl; font-weight: bold; color: #262626; font-family: Cairo, Arial, Helvetica, sans-serif;\"><strong style=\"font-weight: bold; direction: rtl; letter-spacing: initial !important;\">Drepturile tale<\/strong><\/h3><p style=\"direction: rtl; font-size: 16px; font-family: Cairo, Arial, Helvetica, sans-serif; color: #262626;\"><span style=\"direction: rtl; vertical-align: inherit; letter-spacing: initial !important;\">Ave\u021bi dreptul de a accesa informa\u021biile personale pe care le de\u021binem despre dvs., de a le transfera \u00eentr-un nou serviciu \u0219i de a solicita s\u0103 corect\u0103m, s\u0103 actualiz\u0103m sau s\u0103 \u0219tergem informa\u021biile dumneavoastr\u0103 personale. Dac\u0103 dori\u021bi s\u0103 v\u0103 exercita\u021bi aceste drepturi, v\u0103 rug\u0103m s\u0103 ne contacta\u021bi folosind informa\u021biile de mai jos. <\/span><\/p><h3 style=\"direction: rtl; font-weight: bold; color: #262626; font-family: Cairo, Arial, Helvetica, sans-serif;\"><span style=\"direction: rtl; vertical-align: inherit; letter-spacing: initial !important;\">Cookie-uri<\/span><\/h3><p style=\"direction: rtl; font-size: 16px; font-family: Cairo, Arial, Helvetica, sans-serif; color: #262626;\"><span style=\"direction: rtl; vertical-align: inherit; letter-spacing: initial !important;\">Cookie-urile sunt mici informa\u021bii care sunt desc\u0103rcate pe computerul sau dispozitivul dvs. atunci c\u00e2nd vizita\u021bi site-ul web. Folosim o serie de module cookie diferite, inclusiv cookie-uri func\u021bionale, de performan\u021b\u0103, de publicitate, de re\u021bele sociale sau de con\u021binut. <\/span><\/p>\t\t\t\t\t\t\t\t<\/div>\n\t\t\t\t<\/div>\n\t\t\t\t\t<\/div>\n\t\t\t\t<\/div>\n\t\t\t\t<\/div>\n\t\t","protected":false},"excerpt":{"rendered":"<p>Politica de confiden\u021bialitate Aceast\u0103 Politic\u0103 de confiden\u021bialitate descrie modul \u00een care colect\u0103m, folosim \u0219i dezv\u0103luim informa\u021biile dumneavoastr\u0103 personale atunci c\u00e2nd vizita\u021bi sau face\u021bi o achizi\u021bie de pe eve.com. Colectarea de informa\u021bii personale C\u00e2nd vizita\u021bi Site-ul, colect\u0103m anumite informa\u021bii despre dispozitivul dvs., interac\u021biunea dvs. cu Site-ul \u0219i informa\u021biile necesare proces\u0103rii achizi\u021biilor dvs. De asemenea, putem colecta [&hellip;]<\/p>\n","protected":false},"author":2,"featured_media":0,"parent":0,"menu_order":0,"comment_status":"closed","ping_status":"closed","template":"","meta":{"footnotes":""},"class_list":["post-5177","page","type-page","status-publish","hentry"],"_links":{"self":[{"href":"https:\/\/eve-estore.com\/ro\/wp-json\/wp\/v2\/pages\/5177","targetHints":{"allow":["GET"]}}],"collection":[{"href":"https:\/\/eve-estore.com\/ro\/wp-json\/wp\/v2\/pages"}],"about":[{"href":"https:\/\/eve-estore.com\/ro\/wp-json\/wp\/v2\/types\/page"}],"author":[{"embeddable":true,"href":"https:\/\/eve-estore.com\/ro\/wp-json\/wp\/v2\/users\/2"}],"replies":[{"embeddable":true,"href":"https:\/\/eve-estore.com\/ro\/wp-json\/wp\/v2\/comments?post=5177"}],"version-history":[{"count":1,"href":"https:\/\/eve-estore.com\/ro\/wp-json\/wp\/v2\/pages\/5177\/revisions"}],"predecessor-version":[{"id":5178,"href":"https:\/\/eve-estore.com\/ro\/wp-json\/wp\/v2\/pages\/5177\/revisions\/5178"}],"wp:attachment":[{"href":"https:\/\/eve-estore.com\/ro\/wp-json\/wp\/v2\/media?parent=5177"}],"curies":[{"name":"wp","href":"https:\/\/api.w.org\/{rel}","templated":true}]}}