{"id":5279,"date":"2025-05-10T14:24:39","date_gmt":"2025-05-10T14:24:39","guid":{"rendered":"https:\/\/eve-estore.com\/product\/rochii-in-stil-bunica\/"},"modified":"2025-05-10T14:24:39","modified_gmt":"2025-05-10T14:24:39","slug":"rochii-in-stil-bunica","status":"publish","type":"product","link":"https:\/\/eve-estore.com\/ro\/product\/rochii-in-stil-bunica\/","title":{"rendered":"rochii \u00een stil bunic\u0103"},"content":{"rendered":"<p><img fetchpriority=\"high\" decoding=\"async\" class=\"alignnone size-medium wp-image-4113\" src=\"http:\/\/eve-estore.com\/wp-content\/uploads\/2025\/05\/82a874d4-40d1-41e3-9abd-8d4b9c4d8421-350x263.jpeg\" alt=\"\" width=\"350\" height=\"263\" srcset=\"https:\/\/eve-estore.com\/wp-content\/uploads\/2025\/05\/82a874d4-40d1-41e3-9abd-8d4b9c4d8421-350x263.jpeg 350w, https:\/\/eve-estore.com\/wp-content\/uploads\/2025\/05\/82a874d4-40d1-41e3-9abd-8d4b9c4d8421-595x447.jpeg 595w, https:\/\/eve-estore.com\/wp-content\/uploads\/2025\/05\/82a874d4-40d1-41e3-9abd-8d4b9c4d8421-150x113.jpeg 150w, https:\/\/eve-estore.com\/wp-content\/uploads\/2025\/05\/82a874d4-40d1-41e3-9abd-8d4b9c4d8421-768x576.jpeg 768w, https:\/\/eve-estore.com\/wp-content\/uploads\/2025\/05\/82a874d4-40d1-41e3-9abd-8d4b9c4d8421-450x338.jpeg 450w, https:\/\/eve-estore.com\/wp-content\/uploads\/2025\/05\/82a874d4-40d1-41e3-9abd-8d4b9c4d8421.jpeg 1187w\" sizes=\"(max-width: 350px) 100vw, 350px\" \/><\/p>\n","protected":false},"excerpt":{"rendered":"<p>Rochii de band\u0103 elegante \u0219i unificate concepute pentru a combina stilul \u0219i performan\u021ba. Creat pentru armonie pe scen\u0103, cu croi elegant, \u021bes\u0103turi confortabile \u0219i o not\u0103 de glamour pentru a reflecta fiecare not\u0103. Perfect pentru ansamblurile muzicale care doresc s\u0103 arate la fel de bine precum sun\u0103.<\/p>\n","protected":false},"featured_media":5280,"comment_status":"open","ping_status":"closed","template":"","meta":[],"product_brand":[],"product_cat":[264],"product_tag":[],"class_list":{"0":"post-5279","1":"product","2":"type-product","3":"status-publish","4":"has-post-thumbnail","6":"product_cat-trupe-muzicale","7":"pa_color-black-ro","8":"pa_color-blue-ro","9":"pa_color-burgundy-ro","10":"pa_color-cyan-ro","12":"first","13":"instock","14":"sale","15":"shipping-taxable","16":"purchasable","17":"product-type-variable"},"_links":{"self":[{"href":"https:\/\/eve-estore.com\/ro\/wp-json\/wp\/v2\/product\/5279","targetHints":{"allow":["GET"]}}],"collection":[{"href":"https:\/\/eve-estore.com\/ro\/wp-json\/wp\/v2\/product"}],"about":[{"href":"https:\/\/eve-estore.com\/ro\/wp-json\/wp\/v2\/types\/product"}],"replies":[{"embeddable":true,"href":"https:\/\/eve-estore.com\/ro\/wp-json\/wp\/v2\/comments?post=5279"}],"wp:featuredmedia":[{"embeddable":true,"href":"https:\/\/eve-estore.com\/ro\/wp-json\/wp\/v2\/media\/5280"}],"wp:attachment":[{"href":"https:\/\/eve-estore.com\/ro\/wp-json\/wp\/v2\/media?parent=5279"}],"wp:term":[{"taxonomy":"product_brand","embeddable":true,"href":"https:\/\/eve-estore.com\/ro\/wp-json\/wp\/v2\/product_brand?post=5279"},{"taxonomy":"product_cat","embeddable":true,"href":"https:\/\/eve-estore.com\/ro\/wp-json\/wp\/v2\/product_cat?post=5279"},{"taxonomy":"product_tag","embeddable":true,"href":"https:\/\/eve-estore.com\/ro\/wp-json\/wp\/v2\/product_tag?post=5279"}],"curies":[{"name":"wp","href":"https:\/\/api.w.org\/{rel}","templated":true}]}}