{"id":5424,"date":"2025-05-10T14:13:04","date_gmt":"2025-05-10T14:13:04","guid":{"rendered":"https:\/\/eve-estore.com\/product\/rochie-de-lurex\/"},"modified":"2025-05-10T14:13:04","modified_gmt":"2025-05-10T14:13:04","slug":"rochie-de-lurex","status":"publish","type":"product","link":"https:\/\/eve-estore.com\/ro\/product\/rochie-de-lurex\/","title":{"rendered":"Rochie de lurex"},"content":{"rendered":"<p><img fetchpriority=\"high\" decoding=\"async\" class=\"alignnone size-medium wp-image-4113\" src=\"http:\/\/eve-estore.com\/wp-content\/uploads\/2025\/05\/82a874d4-40d1-41e3-9abd-8d4b9c4d8421-350x263.jpeg\" alt=\"\" width=\"350\" height=\"263\" srcset=\"https:\/\/eve-estore.com\/wp-content\/uploads\/2025\/05\/82a874d4-40d1-41e3-9abd-8d4b9c4d8421-350x263.jpeg 350w, https:\/\/eve-estore.com\/wp-content\/uploads\/2025\/05\/82a874d4-40d1-41e3-9abd-8d4b9c4d8421-595x447.jpeg 595w, https:\/\/eve-estore.com\/wp-content\/uploads\/2025\/05\/82a874d4-40d1-41e3-9abd-8d4b9c4d8421-150x113.jpeg 150w, https:\/\/eve-estore.com\/wp-content\/uploads\/2025\/05\/82a874d4-40d1-41e3-9abd-8d4b9c4d8421-768x576.jpeg 768w, https:\/\/eve-estore.com\/wp-content\/uploads\/2025\/05\/82a874d4-40d1-41e3-9abd-8d4b9c4d8421-450x338.jpeg 450w, https:\/\/eve-estore.com\/wp-content\/uploads\/2025\/05\/82a874d4-40d1-41e3-9abd-8d4b9c4d8421.jpeg 1187w\" sizes=\"(max-width: 350px) 100vw, 350px\" \/><\/p>\n","protected":false},"excerpt":{"rendered":"<p>Rochie de sear\u0103 scurt\u0103 elegant\u0103, cu o croial\u0103 modern\u0103 \u0219i design rafinat \u2014 perfect\u0103 pentru ocazii speciale \u0219i nop\u021bi pline de farmec.<\/p>\n","protected":false},"featured_media":5425,"comment_status":"open","ping_status":"closed","template":"","meta":[],"product_brand":[],"product_cat":[269],"product_tag":[],"class_list":{"0":"post-5424","1":"product","2":"type-product","3":"status-publish","4":"has-post-thumbnail","6":"product_cat-rochii","7":"pa_color-blue-ro","8":"pa_color-clove-ro","9":"pa_color-cyan-ro","10":"pa_color-purple-ro","12":"first","13":"instock","14":"sale","15":"shipping-taxable","16":"purchasable","17":"product-type-variable"},"_links":{"self":[{"href":"https:\/\/eve-estore.com\/ro\/wp-json\/wp\/v2\/product\/5424","targetHints":{"allow":["GET"]}}],"collection":[{"href":"https:\/\/eve-estore.com\/ro\/wp-json\/wp\/v2\/product"}],"about":[{"href":"https:\/\/eve-estore.com\/ro\/wp-json\/wp\/v2\/types\/product"}],"replies":[{"embeddable":true,"href":"https:\/\/eve-estore.com\/ro\/wp-json\/wp\/v2\/comments?post=5424"}],"wp:featuredmedia":[{"embeddable":true,"href":"https:\/\/eve-estore.com\/ro\/wp-json\/wp\/v2\/media\/5425"}],"wp:attachment":[{"href":"https:\/\/eve-estore.com\/ro\/wp-json\/wp\/v2\/media?parent=5424"}],"wp:term":[{"taxonomy":"product_brand","embeddable":true,"href":"https:\/\/eve-estore.com\/ro\/wp-json\/wp\/v2\/product_brand?post=5424"},{"taxonomy":"product_cat","embeddable":true,"href":"https:\/\/eve-estore.com\/ro\/wp-json\/wp\/v2\/product_cat?post=5424"},{"taxonomy":"product_tag","embeddable":true,"href":"https:\/\/eve-estore.com\/ro\/wp-json\/wp\/v2\/product_tag?post=5424"}],"curies":[{"name":"wp","href":"https:\/\/api.w.org\/{rel}","templated":true}]}}